{"id":154,"date":"2016-06-23T11:12:53","date_gmt":"2016-06-23T10:12:53","guid":{"rendered":"https:\/\/the7.io\/construction\/?page_id=154"},"modified":"2021-10-19T12:01:55","modified_gmt":"2021-10-19T12:01:55","slug":"about-us","status":"publish","type":"page","link":"https:\/\/zfp-hasenstab.de\/?page_id=154","title":{"rendered":"Vita"},"content":{"rendered":"<p>[vc_row][vc_column]<div id=\"ultimate-heading-806169e1a74dba6bc\" class=\"uvc-heading ult-adjust-bottom-margin ultimate-heading-806169e1a74dba6bc uvc-6910 accent-border-color\" data-hspacer=\"line_only\"  data-halign=\"left\" style=\"text-align:left\"><div class=\"uvc-main-heading ult-responsive\"  data-ultimate-target='.uvc-heading.ultimate-heading-806169e1a74dba6bc h2'  data-responsive-json-new='{\"font-size\":\"desktop:26px;\",\"line-height\":\"desktop:36px;\"}' ><h2 style=\"font-weight:bold;\">Vita<\/h2><\/div><div class=\"uvc-heading-spacer line_only\" style=\"margin-top:15px;margin-bottom:50px;height:4px;\"><span class=\"uvc-headings-line\" style=\"border-style:solid;border-bottom-width:4px;border-color:;width:50px;\"><\/span><\/div><\/div>[vc_single_image image=&#8220;2129&#8243; img_size=&#8220;full&#8220; css=&#8220;.vc_custom_1625058047563{padding-top: 12px !important;padding-bottom: 12px !important;}&#8220;][vc_row_inner css=&#8220;.vc_custom_1625063113039{margin-bottom: 33px !important;}&#8220;][vc_column_inner width=&#8220;1\/2&#8243;]<div id=\"ultimate-heading-620869e1a74dba6f6\" class=\"uvc-heading ult-adjust-bottom-margin ultimate-heading-620869e1a74dba6f6 uvc-1906 \" data-hspacer=\"no_spacer\"  data-halign=\"left\" style=\"text-align:left\"><div class=\"uvc-heading-spacer no_spacer\" style=\"top\"><\/div><div class=\"uvc-main-heading ult-responsive\"  data-ultimate-target='.uvc-heading.ultimate-heading-620869e1a74dba6f6 h2'  data-responsive-json-new='{\"font-size\":\"desktop:20px;\",\"line-height\":\"desktop:30px;\"}' ><h2 style=\"font-weight:bold;\">Dr.-Ing. Andreas Hasenstab<\/h2><\/div><div class=\"uvc-sub-heading ult-responsive\"  data-ultimate-target='.uvc-heading.ultimate-heading-620869e1a74dba6f6 .uvc-sub-heading '  data-responsive-json-new='{\"font-size\":\"desktop:16px;\",\"line-height\":\"desktop:28px;\"}'  style=\"font-weight:bold;color:#999999;margin-bottom:20px;\">Beratender Ingenieur<br \/>\nder Bayerischen Ingenieurekammer Bau<br \/>\n<\/div><\/div>[vc_column_text]<\/p>\n<h5>Ingenieurb\u00fcro Dr.-Ing. Andreas Hasenstab<\/h5>\n<h6>Bauingenieurwesenstudium an der TU M\u00fcnchen bzw. TU Berlin \u2013 Studium Generale mit Kunst-<span class=\"Apple-converted-space\">\u00a0 <\/span>und Architekturgeschichte, Spanisch, fig\u00fcrliches Zeichnen<\/h6>\n<h6>Promotion an der Bundesanstalt f\u00fcr Materialforschung und -pr\u00fcfung (BAM) in Berlin mit Promotionspreis, Entwicklung des praxistauglichen Ultraschallechoverfahren an Holz um innere Sch\u00e4den zu lokalisieren,<\/h6>\n<h6>Leiter des Bereiches &#8222;zfP im Bauwesen&#8220; in der Abteilung &#8222;Messtechnik&#8220; bei der LGA\/T\u00dcV Rheinland in N\u00fcrnberg, \u00dcbertragung der Kenntnisse bei der <i>Remmers Fachplanung <\/i>auf die Sanierung denkmalgesch\u00fctzter Geb\u00e4ude und Br\u00fccken.<\/h6>\n<h5><\/h5>\n<h6><\/h6>\n<p>[\/vc_column_text][vc_column_text css=&#8220;.vc_custom_1634644575709{margin-top: 12px !important;}&#8220;]<\/p>\n<h5>2010 Gr\u00fcndung des Ingenieurb\u00fcros in Augsburg<\/h5>\n<h6><strong>Schwerpunkte:<\/strong><\/h6>\n<ul>\n<li>\n<h6>Bauzustandsanalyse, belastbare Daten f\u00fcr Tragwerksplanung und Kostensch\u00e4tzung<\/h6>\n<\/li>\n<li>\n<h6>zerst\u00f6rungsfreie Pr\u00fcfung (mit den Verfahren Ultraschall, Radar, Thermografie, Bohrwiderstand) an Baudenkm\u00e4lern und Ingenieurbauwerken (Holz, Beton, Mauerwerk),<\/h6>\n<\/li>\n<li>\n<h6>Wiederbeschaffung verlorengegangener Bauwerksinformationen (Bewehrung, Abmessungen, Hohllagen)<\/h6>\n<\/li>\n<\/ul>\n<h6><\/h6>\n<p>[\/vc_column_text][\/vc_column_inner][vc_column_inner width=&#8220;1\/2&#8243;][vc_column_text]<\/p>\n<h6><strong>Forschungsarbeit und Lehrt\u00e4tigkeit:<\/strong><\/h6>\n<ul>\n<li>\n<h6>Lehrauftr\u00e4ge an der Hochschule Augsburg zum Thema \u201eBetonrezeptur, Beton pr\u00fcfen nach Norm etc.\u201c und Betreuung von Abschlussarbeiten<\/h6>\n<\/li>\n<\/ul>\n<ul>\n<li>\n<h6>Mitarbeit beim DBV-Merkblatt \u201eAnwendung zerst\u00f6rungsfreier Pr\u00fcfverfahren im Bauwesen\u201c<\/h6>\n<\/li>\n<li>\n<h6>Vortragst\u00e4tigkeit bei der Technischen Akademie Esslingen (TAE), Bauakademie Feuchtwangen, Ausbildungszentrum im<br \/>\nBauwesen (ABZ) Augsburg<\/h6>\n<\/li>\n<li>\n<h6>Leitung des Seminars \u201eIn die Jahre gekommene Br\u00fccken, was tun?\u201c (TAE)<\/h6>\n<\/li>\n<li>\n<h6>Forschungst\u00e4tigkeit in Zusammenarbeit mit diversen Hochschulen<\/h6>\n<\/li>\n<li>\n<h6>wissenschaftliche Vortr\u00e4ge z.B. bei der Deutschen Gesellschaft f\u00fcr zerst\u00f6rungsfreie Pr\u00fcfung (DgzfP)<\/h6>\n<\/li>\n<\/ul>\n<p>[\/vc_column_text][\/vc_column_inner][\/vc_row_inner][vc_text_separator title=&#8220;Urkunden&#8220; css=&#8220;.vc_custom_1634644515100{margin-top: 12px !important;}&#8220;][\/vc_column][\/vc_row][vc_row margin_top=&#8220;24&#8243; margin_bottom=&#8220;24&#8243;][vc_column width=&#8220;1\/2&#8243;][vc_single_image image=&#8220;2912&#8243; img_size=&#8220;large&#8220; alignment=&#8220;center&#8220; style=&#8220;vc_box_border&#8220; onclick=&#8220;link_image&#8220;][\/vc_column][vc_column width=&#8220;1\/2&#8243;][vc_single_image image=&#8220;2913&#8243; img_size=&#8220;medium&#8220; alignment=&#8220;center&#8220; style=&#8220;vc_box_border&#8220; onclick=&#8220;link_image&#8220;][\/vc_column][\/vc_row]<\/p>\n","protected":false},"excerpt":{"rendered":"<p>[vc_row][vc_column][vc_single_image image=&#8220;2129&#8243; img_size=&#8220;full&#8220; css=&#8220;.vc_custom_1625058047563{padding-top: 12px !important;padding-bottom: 12px !important;}&#8220;][vc_row_inner css=&#8220;.vc_custom_1625063113039{margin-bottom: 33px !important;}&#8220;][vc_column_inner width=&#8220;1\/2&#8243;][vc_column_text] Ingenieurb\u00fcro Dr.-Ing. Andreas Hasenstab Bauingenieurwesenstudium an der TU M\u00fcnchen bzw. TU Berlin \u2013 Studium Generale mit Kunst-\u00a0 und Architekturgeschichte, Spanisch, fig\u00fcrliches Zeichnen Promotion an der Bundesanstalt f\u00fcr Materialforschung und -pr\u00fcfung (BAM) in Berlin mit Promotionspreis, Entwicklung des praxistauglichen Ultraschallechoverfahren an Holz um innere&hellip;<\/p>\n","protected":false},"author":1,"featured_media":0,"parent":0,"menu_order":1,"comment_status":"closed","ping_status":"closed","template":"","meta":{"inline_featured_image":false},"_links":{"self":[{"href":"https:\/\/zfp-hasenstab.de\/index.php?rest_route=\/wp\/v2\/pages\/154"}],"collection":[{"href":"https:\/\/zfp-hasenstab.de\/index.php?rest_route=\/wp\/v2\/pages"}],"about":[{"href":"https:\/\/zfp-hasenstab.de\/index.php?rest_route=\/wp\/v2\/types\/page"}],"author":[{"embeddable":true,"href":"https:\/\/zfp-hasenstab.de\/index.php?rest_route=\/wp\/v2\/users\/1"}],"replies":[{"embeddable":true,"href":"https:\/\/zfp-hasenstab.de\/index.php?rest_route=%2Fwp%2Fv2%2Fcomments&post=154"}],"version-history":[{"count":38,"href":"https:\/\/zfp-hasenstab.de\/index.php?rest_route=\/wp\/v2\/pages\/154\/revisions"}],"predecessor-version":[{"id":2931,"href":"https:\/\/zfp-hasenstab.de\/index.php?rest_route=\/wp\/v2\/pages\/154\/revisions\/2931"}],"wp:attachment":[{"href":"https:\/\/zfp-hasenstab.de\/index.php?rest_route=%2Fwp%2Fv2%2Fmedia&parent=154"}],"curies":[{"name":"wp","href":"https:\/\/api.w.org\/{rel}","templated":true}]}}