{"id":1666,"date":"2021-05-31T14:56:46","date_gmt":"2021-05-31T14:56:46","guid":{"rendered":"http:\/\/hasenstab.kontrust.eu\/?page_id=1666"},"modified":"2026-03-04T09:52:28","modified_gmt":"2026-03-04T09:52:28","slug":"veroeffentlichungen-3","status":"publish","type":"page","link":"https:\/\/zfp-hasenstab.de\/?page_id=1666","title":{"rendered":"Ver\u00f6ffentlichungen"},"content":{"rendered":"<p>[vc_row][vc_column]<div id=\"ultimate-heading-300569d395cc7d5f1\" class=\"uvc-heading ult-adjust-bottom-margin ultimate-heading-300569d395cc7d5f1 uvc-4737  uvc-heading-default-font-sizes\" data-hspacer=\"line_only\"  data-halign=\"left\" style=\"text-align:left\"><div class=\"uvc-main-heading ult-responsive\"  data-ultimate-target='.uvc-heading.ultimate-heading-300569d395cc7d5f1 h2'  data-responsive-json-new='{\"font-size\":\"\",\"line-height\":\"\"}' ><h2 style=\"--font-weight:theme;\">Ver\u00f6ffentlichungen<\/h2><\/div><div class=\"uvc-heading-spacer line_only\" style=\"topheight:4px;\"><span class=\"uvc-headings-line\" style=\"border-style:solid;border-bottom-width:4px;border-color:#ffc000;width:autopx;\"><\/span><\/div><div class=\"uvc-sub-heading ult-responsive\"  data-ultimate-target='.uvc-heading.ultimate-heading-300569d395cc7d5f1 .uvc-sub-heading '  data-responsive-json-new='{\"font-size\":\"\",\"line-height\":\"\"}'  style=\"font-weight:normal;margin-bottom:23px;\"><\/p>\n<h4>Ver\u00f6ffentlichungen zum Download als PDF<\/h4>\n<p><\/div><\/div>[vc_row_inner][vc_column_inner width=&#8220;1\/4&#8243;][vc_single_image image=&#8220;3038&#8243;]<style type=\"text\/css\" data-type=\"the7_shortcodes-inline-css\">#default-btn-c8ed638d45ddeb0a9ef92f5fc4adfe77.ico-right-side > i {\n  margin-right: 0px;\n  margin-left: 8px;\n}\n#default-btn-c8ed638d45ddeb0a9ef92f5fc4adfe77 > i {\n  margin-right: 8px;\n}\n#default-btn-c8ed638d45ddeb0a9ef92f5fc4adfe77 * {\n  vertical-align: middle;\n}\n<\/style><a href=\"https:\/\/zfp-hasenstab.de\/wp-content\/uploads\/2025\/07\/Fachtagung-Bauwerksdiagnose-2024.pdf\" class=\"default-btn-shortcode dt-btn dt-btn-s link-hover-off btn-inline-left \" target=\"_blank\" id=\"default-btn-c8ed638d45ddeb0a9ef92f5fc4adfe77\" rel=\"noopener\"><span>download PDF<\/span><\/a>[\/vc_column_inner][vc_column_inner width=&#8220;3\/4&#8243;]<div id=\"ultimate-heading-879769d395cc7d814\" class=\"uvc-heading ult-adjust-bottom-margin ultimate-heading-879769d395cc7d814 uvc-7660  uvc-heading-default-font-sizes\" data-hspacer=\"no_spacer\"  data-halign=\"left\" style=\"text-align:left\"><div class=\"uvc-heading-spacer no_spacer\" style=\"top\"><\/div><div class=\"uvc-main-heading ult-responsive\"  data-ultimate-target='.uvc-heading.ultimate-heading-879769d395cc7d814 h5'  data-responsive-json-new='{\"font-size\":\"\",\"line-height\":\"\"}' ><h5 style=\"--font-weight:theme;\">Faules Holz \u2013 zerst\u00f6rungsfrei gefunden! Ingenieurtechnische Untersuchungen an Denkm\u00e4lern und Br\u00fccken<\/h5><\/div><div class=\"uvc-sub-heading ult-responsive\"  data-ultimate-target='.uvc-heading.ultimate-heading-879769d395cc7d814 .uvc-sub-heading '  data-responsive-json-new='{\"font-size\":\"\",\"line-height\":\"\"}'  style=\"font-weight:normal;\"><\/p>\n<div class=\"page\" title=\"Page 1\">\n<div class=\"section\">\n<div class=\"layoutArea\">\n<div class=\"column\">\n<p>Andreas HASENSTAB, Holger URBAN<br \/>\nIngenieurbu\u0308ro Dr. Hasenstab GmbH, Augsburg; ZETCON Ingenieure GmbH, Bochum<\/div>\n<\/div>\n<\/div>\n<\/div>\n<p><\/div><\/div>[vc_column_text]<\/p>\n<div class=\"page\" title=\"Page 1\">\n<div class=\"section\">\n<div class=\"layoutArea\">\n<div class=\"column\">\n<p><strong>Kurzfassung:<\/strong> \u201eFaules Holz\u201c entsteht bei einer Holzfeuchte von u\u0308ber 20% in Kombination mit ubi quita\u0308ren (u\u0308berall vorhandenen) Sporen von holzzersto\u0308renden Pilzen. So wird \u201etrockenes Holz\u201c durch Fa\u0308ulnis zu \u201efaulem Holz\u201c.<\/p>\n<p>Beim Abklopfen der Struktur und bei Ultraschallmessungen am Holz zeigt sich der Unterschied zwischen \u201egesundem, klingendem, Schall leitenden\u201c Holz und \u201ekrankem, da\u0308mpfenden, faulem\u201c Holz. Dass das \u201egesunde\u201c Holz \u201eklingt\u201c kennt jeder noch von den Klangsta\u0308ben im Musikunterreicht (nach Carl Orff) und dass \u201efaule Holz\u201c \u201edumpf\u201c klingt, ist von verfaultem Holz im Wald bekannt.<\/p><\/div>\n<\/div>\n<\/div>\n<\/div>\n<h3><\/h3>\n<p>[\/vc_column_text][\/vc_column_inner][\/vc_row_inner][vc_row_inner css=&#8220;.vc_custom_1754040910807{margin-top: 22px !important;}&#8220;][vc_column_inner width=&#8220;1\/4&#8243;][vc_single_image image=&#8220;3046&#8243;]<style type=\"text\/css\" data-type=\"the7_shortcodes-inline-css\">#default-btn-370d35a5cf221e0014eda800ac8a09d0.ico-right-side > i {\n  margin-right: 0px;\n  margin-left: 8px;\n}\n#default-btn-370d35a5cf221e0014eda800ac8a09d0 > i {\n  margin-right: 8px;\n}\n#default-btn-370d35a5cf221e0014eda800ac8a09d0 * {\n  vertical-align: middle;\n}\n<\/style><a href=\"https:\/\/zfp-hasenstab.de\/wp-content\/uploads\/2025\/08\/Integritaetspruefung-von-Holz-mit-dem-zerstoerungsfreien-Ultraschallechoverfahren.pdf\" class=\"default-btn-shortcode dt-btn dt-btn-s link-hover-off btn-inline-left \" target=\"_blank\" id=\"default-btn-370d35a5cf221e0014eda800ac8a09d0\" rel=\"noopener\"><span>download PDF<\/span><\/a>[\/vc_column_inner][vc_column_inner width=&#8220;3\/4&#8243;]<div id=\"ultimate-heading-420269d395cc7d896\" class=\"uvc-heading ult-adjust-bottom-margin ultimate-heading-420269d395cc7d896 uvc-4881  uvc-heading-default-font-sizes\" data-hspacer=\"no_spacer\"  data-halign=\"left\" style=\"text-align:left\"><div class=\"uvc-heading-spacer no_spacer\" style=\"top\"><\/div><div class=\"uvc-main-heading ult-responsive\"  data-ultimate-target='.uvc-heading.ultimate-heading-420269d395cc7d896 h5'  data-responsive-json-new='{\"font-size\":\"\",\"line-height\":\"\"}' ><h5 style=\"--font-weight:theme;\">Integrit\u00e4tspr\u00fcfung von Holz mit dem zerst\u00f6rungsfreien Ultraschallechoverfahren<\/h5><\/div><\/div>[vc_column_text]<\/p>\n<div class=\"page\" title=\"Page 1\">\n<div class=\"section\">\n<div class=\"layoutArea\">\n<div class=\"column\">\n<p>Die vorliegende Arbeit entstand an der Bundesanstalt f\u00fcr Materialforschung und -pr\u00fcfung (BAM). Es handelt sich hierbei um eine bei der Fakult\u00e4t VI der Technischen Universit\u00e4t Berlin eingereichte Dissertation zur Erlangung des akademischen Grades Doktor der Ingenieurwissenschaften \u2013 Dr.-Ing. \u2013 vorgelegt von Dipl.-Ing. Andreas Georg Maximilian Hasenstab aus M\u00fcnchen.<\/p>\n<p>Die Dissertation wurde mit dem Adolf-Martens-Doktorandenpreis ausgezeichnet.<\/p>\n<p>Herausgeber: Bundesanstalt f\u00fcr Materialforschung und -pr\u00fcfung (BAM)<br \/>\nCopyright \u00a9 2006 by Bundesanstalt f\u00fcr Materialforschung und -pr\u00fcfung (BAM)<\/p>\n<p>ISBN<span class=\"Apple-converted-space\">\u00a0 <\/span>3-86509-527-5<\/div>\n<\/div>\n<\/div>\n<\/div>\n<h3><\/h3>\n<p>[\/vc_column_text][\/vc_column_inner][\/vc_row_inner][vc_row_inner css=&#8220;.vc_custom_1754040910807{margin-top: 22px !important;}&#8220;][vc_column_inner width=&#8220;1\/4&#8243;][vc_single_image image=&#8220;3102&#8243; onclick=&#8220;link_image&#8220;]<style type=\"text\/css\" data-type=\"the7_shortcodes-inline-css\">#default-btn-edcfd95d529863ecdfc1552f0f16998b.ico-right-side > i {\n  margin-right: 0px;\n  margin-left: 8px;\n}\n#default-btn-edcfd95d529863ecdfc1552f0f16998b > i {\n  margin-right: 8px;\n}\n#default-btn-edcfd95d529863ecdfc1552f0f16998b * {\n  vertical-align: middle;\n}\n<\/style><a href=\"https:\/\/zfp-hasenstab.de\/wp-content\/uploads\/2025\/12\/2024BauwerksdiagnoseOpferanoden_Fin.pdf\" class=\"default-btn-shortcode dt-btn dt-btn-s link-hover-off btn-inline-left \" target=\"_blank\" id=\"default-btn-edcfd95d529863ecdfc1552f0f16998b\" rel=\"noopener\"><span>download PDF<\/span><\/a>[\/vc_column_inner][vc_column_inner width=&#8220;3\/4&#8243;]<div id=\"ultimate-heading-203669d395cc7d910\" class=\"uvc-heading ult-adjust-bottom-margin ultimate-heading-203669d395cc7d910 uvc-45  uvc-heading-default-font-sizes\" data-hspacer=\"no_spacer\"  data-halign=\"left\" style=\"text-align:left\"><div class=\"uvc-heading-spacer no_spacer\" style=\"top\"><\/div><div class=\"uvc-main-heading ult-responsive\"  data-ultimate-target='.uvc-heading.ultimate-heading-203669d395cc7d910 h5'  data-responsive-json-new='{\"font-size\":\"\",\"line-height\":\"\"}' ><h5 style=\"--font-weight:theme;\">Bauwerksuntersuchung bei chloridinduzierter Korrosion und Einsatz von galvanischen Anoden in Parkh\u00e4usern und Tiefgaragen<\/h5><\/div><\/div>[vc_column_text]<\/p>\n<div class=\"page\" title=\"Page 1\">\n<div class=\"section\">\n<div class=\"layoutArea\">\n<div class=\"column\">\n<p>Die meisten Sch\u00e4den an Stahl und Bewehrung in Beton bei Park- und Tiefgaragen werden durch Streusalz (NaCl) verursacht, welches im Schneematsch in den Radk\u00e4sten der Autos in die Bauwerke gelangt. Chloridinduzierte Korrosion stellt im Ingenieurbau seit Decaden ein gro\u00dfes Problem dar. Die Sanierung ist mit hohen Kosten und teilweise starken Eingriff in das Bauwerk verbunden.<\/p>\n<p>Ingenieurb\u00fcro Dr. Hasenstab GmbH &#8211; BauConsulting GmbH, Prof. Dr.-Ing. Andrei Walther &#8211; Instandsetzungsplanung GmbH IPG Konrad Zorzi<\/p>\n<p>&nbsp;<\/p><\/div>\n<\/div>\n<\/div>\n<\/div>\n<h3><\/h3>\n<p>[\/vc_column_text][\/vc_column_inner][\/vc_row_inner][vc_row_inner css=&#8220;.vc_custom_1754040910807{margin-top: 22px !important;}&#8220;][vc_column_inner width=&#8220;1\/4&#8243;][vc_single_image image=&#8220;3100&#8243; onclick=&#8220;link_image&#8220;]<style type=\"text\/css\" data-type=\"the7_shortcodes-inline-css\">#default-btn-8af74b00437f5adda7d7be4464581ab3.ico-right-side > i {\n  margin-right: 0px;\n  margin-left: 8px;\n}\n#default-btn-8af74b00437f5adda7d7be4464581ab3 > i {\n  margin-right: 8px;\n}\n#default-btn-8af74b00437f5adda7d7be4464581ab3 * {\n  vertical-align: middle;\n}\n<\/style><a href=\"https:\/\/zfp-hasenstab.de\/wp-content\/uploads\/2025\/12\/2024BauwerksdiagnoseWasserturmFin.pdf\" class=\"default-btn-shortcode dt-btn dt-btn-s link-hover-off btn-inline-left \" target=\"_blank\" id=\"default-btn-8af74b00437f5adda7d7be4464581ab3\" rel=\"noopener\"><span>download PDF<\/span><\/a>[\/vc_column_inner][vc_column_inner width=&#8220;3\/4&#8243;]<div id=\"ultimate-heading-450269d395cc7d986\" class=\"uvc-heading ult-adjust-bottom-margin ultimate-heading-450269d395cc7d986 uvc-1745  uvc-heading-default-font-sizes\" data-hspacer=\"no_spacer\"  data-halign=\"left\" style=\"text-align:left\"><div class=\"uvc-heading-spacer no_spacer\" style=\"top\"><\/div><div class=\"uvc-main-heading ult-responsive\"  data-ultimate-target='.uvc-heading.ultimate-heading-450269d395cc7d986 h5'  data-responsive-json-new='{\"font-size\":\"\",\"line-height\":\"\"}' ><h5 style=\"--font-weight:theme;\">Der Wasserturm in Schillingsf\u00fcrst<\/h5><\/div><\/div>[vc_column_text]<\/p>\n<div class=\"page\" title=\"Page 1\">\n<div class=\"section\">\n<div class=\"layoutArea\">\n<div class=\"column\">\n<p><b><i>\u00dcberregionales Kulturgut erhalten, durch genaue Untersuchung, <\/i><\/b><b><i>zerst\u00f6rungsfreie Pr\u00fcfung und Stahl-Struktur erhaltende Opferanoden<\/i><\/b><\/p>\n<p>Der Wasserturm in Schillingsf\u00fcrst in Franken stellt ein kulturhistorisch bedeutsames Bauwerk von 1902 dar, woran die Entwicklung der europ\u00e4ischen Kulturnation zum Thema Wasser beispielhaft erfahren werden kann. Die Bedeutung des Wassers als Lebenselixier wurde durch den UNESCO Weltkulturerbetitel f\u00fcr Augsburg international betont.<\/p>\n<p>Bauherr: Stadt Schillingsf\u00fcrst; Beratung: blfd; Organisation: Fr. Lautner, D\u00f6llinger Architekten; Statik: Ingenieurb\u00fcro Krau\u00df; Restaurierung: Hr. Ehmann; Untersuchung: Dr. Hasenstab; KKS: Prof. Dr. Walther<\/p>\n<p>&nbsp;<\/p><\/div>\n<\/div>\n<\/div>\n<\/div>\n<h3><\/h3>\n<p>[\/vc_column_text][\/vc_column_inner][\/vc_row_inner][vc_row_inner css=&#8220;.vc_custom_1754040910807{margin-top: 22px !important;}&#8220;][vc_column_inner width=&#8220;1\/4&#8243;][vc_single_image image=&#8220;3089&#8243; onclick=&#8220;link_image&#8220;]<style type=\"text\/css\" data-type=\"the7_shortcodes-inline-css\">#default-btn-0528f74ff8df8eb1f4c715d72bb21bda.ico-right-side > i {\n  margin-right: 0px;\n  margin-left: 8px;\n}\n#default-btn-0528f74ff8df8eb1f4c715d72bb21bda > i {\n  margin-right: 8px;\n}\n#default-btn-0528f74ff8df8eb1f4c715d72bb21bda * {\n  vertical-align: middle;\n}\n<\/style><a href=\"https:\/\/zfp-hasenstab.de\/wp-content\/uploads\/2026\/02\/02_2026_BauwerksdiagnoseZIM.pdf\" class=\"default-btn-shortcode dt-btn dt-btn-s link-hover-off btn-inline-left \" target=\"_blank\" id=\"default-btn-0528f74ff8df8eb1f4c715d72bb21bda\" rel=\"noopener\"><span>download PDF<\/span><\/a>[\/vc_column_inner][vc_column_inner width=&#8220;3\/4&#8243;]<div id=\"ultimate-heading-289069d395cc7d9f7\" class=\"uvc-heading ult-adjust-bottom-margin ultimate-heading-289069d395cc7d9f7 uvc-6704  uvc-heading-default-font-sizes\" data-hspacer=\"no_spacer\"  data-halign=\"left\" style=\"text-align:left\"><div class=\"uvc-heading-spacer no_spacer\" style=\"top\"><\/div><div class=\"uvc-main-heading ult-responsive\"  data-ultimate-target='.uvc-heading.ultimate-heading-289069d395cc7d9f7 h5'  data-responsive-json-new='{\"font-size\":\"\",\"line-height\":\"\"}' ><h5 style=\"--font-weight:theme;\">Forschungsprojekt zur Sicherheit von Schleusen und Wehren durch  zerst\u00f6rungsfreie Pr\u00fcfung und Dauer\u00fcberwachung mittels Schadenserkennung<\/h5><\/div><\/div>[vc_column_text]<\/p>\n<div class=\"page\" title=\"Page 1\">\n<div class=\"section\">\n<div class=\"layoutArea\">\n<div class=\"column\">\n<p>In einem vom Bundeswirtschaftsministerium unterst\u00fctzten ZIM-Forschungsprojekt, Entwicklung eines selbst\u00fcberwachenden Dauermonitoringsystems, werden Schleusen und Wehre von Wasserstrassen auf Sch\u00e4den hin zerst\u00f6rungsfrei gepr\u00fcft, um dann mittels Sensoren die Struktur\u00e4nderung der Bauwerkstruktur erkennen zu k\u00f6nnen. Hierbei liegt das Augenmerk auf \u00e4lteren Bestandskonstruktionen, welche inzwischen ein Alter von 50 \u2013 100 Jahre aufweisen.<\/p>\n<p>Untersuchungsverfahren f\u00fcr Betonbauwerke:<br \/>\n\u2022 Struktur des Betons<br \/>\n\u2022 Lage der Bewehrung<br \/>\n\u2022 Beton-Oberfl\u00e4che<\/p>\n<p>&nbsp;<\/p>\n<\/div>\n<\/div>\n<\/div>\n<\/div>\n<h3><\/h3>\n<p>[\/vc_column_text][\/vc_column_inner][\/vc_row_inner][vc_row_inner css=&#8220;.vc_custom_1754040910807{margin-top: 22px !important;}&#8220;][vc_column_inner width=&#8220;1\/4&#8243;][vc_single_image image=&#8220;3090&#8243; onclick=&#8220;link_image&#8220;]<style type=\"text\/css\" data-type=\"the7_shortcodes-inline-css\">#default-btn-7580760a33ae79bb0662f540f5b6f8b1.ico-right-side > i {\n  margin-right: 0px;\n  margin-left: 8px;\n}\n#default-btn-7580760a33ae79bb0662f540f5b6f8b1 > i {\n  margin-right: 8px;\n}\n#default-btn-7580760a33ae79bb0662f540f5b6f8b1 * {\n  vertical-align: middle;\n}\n<\/style><a href=\"https:\/\/zfp-hasenstab.de\/wp-content\/uploads\/2026\/02\/03_2026BauwerksdiagnoseOpferanoden.pdf\" class=\"default-btn-shortcode dt-btn dt-btn-s link-hover-off btn-inline-left \" target=\"_blank\" id=\"default-btn-7580760a33ae79bb0662f540f5b6f8b1\" rel=\"noopener\"><span>download PDF<\/span><\/a>[\/vc_column_inner][vc_column_inner width=&#8220;3\/4&#8243;]<div id=\"ultimate-heading-680269d395cc7da6a\" class=\"uvc-heading ult-adjust-bottom-margin ultimate-heading-680269d395cc7da6a uvc-4039  uvc-heading-default-font-sizes\" data-hspacer=\"no_spacer\"  data-halign=\"left\" style=\"text-align:left\"><div class=\"uvc-heading-spacer no_spacer\" style=\"top\"><\/div><div class=\"uvc-main-heading ult-responsive\"  data-ultimate-target='.uvc-heading.ultimate-heading-680269d395cc7da6a h5'  data-responsive-json-new='{\"font-size\":\"\",\"line-height\":\"\"}' ><h5 style=\"--font-weight:theme;\">L\u00f6sungen f\u00fcr chloridbelasteten Stahlbeton bei  Tiefgaragen, innovative Pr\u00fcfungen und Instandsetzungen<\/h5><\/div><\/div>[vc_column_text]<\/p>\n<div class=\"page\" title=\"Page 1\">\n<div class=\"section\">\n<div class=\"layoutArea\">\n<div class=\"column\">\n<p>Wenn \u00fcber Fahrzeuge im Winter Streusalz in die Tiefgarage oder ins Parkhaus gelangen k\u00f6nnen diese in den Beton eindringen. Diese Salze (Chloride) k\u00f6nnen die eingebaute Stahlbewehrung angreifen korrosive Sch\u00e4den verursachen. Mit zerst\u00f6rungsfreien Pr\u00fcfverfahren l\u00e4sst sich jedoch feststellen, ob es Sch\u00e4digungen gibt oder ob sich die Bewehrung im kritischen Zustand befindet. Zum Schutz des Stahls kann ein sogenannter kathodischer Korrosionsschutz eingesetzt werden. Dabei verhindern zum Beispiel eingebaute galvanische Anoden, dass der Bewehrungsstahl weiter rostet, selbst wenn weiterhin Chloride im Beton vorhanden sind.<\/p>\n<ul>\n<li>A. HASENSTAB,Ingenieurb\u00fcro Dr. Hasenstab GmbH, Augsburg<\/li>\n<li>K. ZORZI, Instandsetzungsplanunggesellschaft GmbH; (IPG), Landshut<\/li>\n<li>A. WALTHER, BauConsulting GmbH, Brandenburg<\/li>\n<\/ul>\n<p>&nbsp;<\/p>\n<\/div>\n<\/div>\n<\/div>\n<\/div>\n<h3><\/h3>\n<p>[\/vc_column_text][\/vc_column_inner][\/vc_row_inner][vc_row_inner css=&#8220;.vc_custom_1754040910807{margin-top: 22px !important;}&#8220;][vc_column_inner width=&#8220;1\/4&#8243;][vc_single_image image=&#8220;3105&#8243; onclick=&#8220;link_image&#8220;]<style type=\"text\/css\" data-type=\"the7_shortcodes-inline-css\">#default-btn-17c454ef4cf2e26e951171bba5df782c.ico-right-side > i {\n  margin-right: 0px;\n  margin-left: 8px;\n}\n#default-btn-17c454ef4cf2e26e951171bba5df782c > i {\n  margin-right: 8px;\n}\n#default-btn-17c454ef4cf2e26e951171bba5df782c * {\n  vertical-align: middle;\n}\n<\/style><a href=\"https:\/\/zfp-hasenstab.de\/wp-content\/uploads\/2026\/03\/01_2026PosterBetonAlt.pdf\" class=\"default-btn-shortcode dt-btn dt-btn-s link-hover-off btn-inline-left \" target=\"_blank\" id=\"default-btn-17c454ef4cf2e26e951171bba5df782c\" rel=\"noopener\"><span>download PDF<\/span><\/a>[\/vc_column_inner][vc_column_inner width=&#8220;3\/4&#8243;]<div id=\"ultimate-heading-795069d395cc7dade\" class=\"uvc-heading ult-adjust-bottom-margin ultimate-heading-795069d395cc7dade uvc-4877  uvc-heading-default-font-sizes\" data-hspacer=\"no_spacer\"  data-halign=\"left\" style=\"text-align:left\"><div class=\"uvc-heading-spacer no_spacer\" style=\"top\"><\/div><div class=\"uvc-main-heading ult-responsive\"  data-ultimate-target='.uvc-heading.ultimate-heading-795069d395cc7dade h5'  data-responsive-json-new='{\"font-size\":\"\",\"line-height\":\"\"}' ><h5 style=\"--font-weight:theme;\">Untersuchung des Einflusses der  Betonoberfl\u00e4che bei zerst\u00f6rungsfreien R\u00fcckprallhammermessungen  an historischem Beton des Atlantikwalls, Vallo Alpino del Littorio (Alpenwall) und einer expressionistischen Schule<\/h5><\/div><\/div>[vc_column_text]<\/p>\n<div class=\"page\" title=\"Page 1\">\n<div class=\"section\">\n<div class=\"layoutArea\">\n<div class=\"column\">\n<ul>\n<li><b>Verfahrensbeschreibung R\u00fcckprallhammer<\/b><\/li>\n<li><b>Ergebnisse der Forschung am \u201ealtem\u201c Beton am Atlantikwall<\/b><\/li>\n<li><b>Zusammenfassung der praktischen Forschung am \u201ealten Beton\u201c am Atlantikwall <\/b><b>\u201eW\u00e4lle\u201c in Europa (eine kleine Auswahl)<\/b><\/li>\n<\/ul>\n<p>&nbsp;<\/p>\n<\/div>\n<\/div>\n<\/div>\n<\/div>\n<h3><\/h3>\n<p>[\/vc_column_text][\/vc_column_inner][\/vc_row_inner][\/vc_column][\/vc_row][vc_row][vc_column][\/vc_column][\/vc_row]<\/p>\n","protected":false},"excerpt":{"rendered":"<p>[vc_row][vc_column][vc_row_inner][vc_column_inner width=&#8220;1\/4&#8243;][vc_single_image image=&#8220;3038&#8243;][\/vc_column_inner][vc_column_inner width=&#8220;3\/4&#8243;][vc_column_text] Kurzfassung: \u201eFaules Holz\u201c entsteht bei einer Holzfeuchte von u\u0308ber 20% in Kombination mit ubi quita\u0308ren (u\u0308berall vorhandenen) Sporen von holzzersto\u0308renden Pilzen. So wird \u201etrockenes Holz\u201c durch Fa\u0308ulnis zu \u201efaulem Holz\u201c. Beim Abklopfen der Struktur und bei Ultraschallmessungen am Holz zeigt sich der Unterschied zwischen \u201egesundem, klingendem, Schall leitenden\u201c Holz und \u201ekrankem,&hellip;<\/p>\n","protected":false},"author":1,"featured_media":0,"parent":0,"menu_order":0,"comment_status":"closed","ping_status":"closed","template":"","meta":{"inline_featured_image":false},"_links":{"self":[{"href":"https:\/\/zfp-hasenstab.de\/index.php?rest_route=\/wp\/v2\/pages\/1666"}],"collection":[{"href":"https:\/\/zfp-hasenstab.de\/index.php?rest_route=\/wp\/v2\/pages"}],"about":[{"href":"https:\/\/zfp-hasenstab.de\/index.php?rest_route=\/wp\/v2\/types\/page"}],"author":[{"embeddable":true,"href":"https:\/\/zfp-hasenstab.de\/index.php?rest_route=\/wp\/v2\/users\/1"}],"replies":[{"embeddable":true,"href":"https:\/\/zfp-hasenstab.de\/index.php?rest_route=%2Fwp%2Fv2%2Fcomments&post=1666"}],"version-history":[{"count":20,"href":"https:\/\/zfp-hasenstab.de\/index.php?rest_route=\/wp\/v2\/pages\/1666\/revisions"}],"predecessor-version":[{"id":3107,"href":"https:\/\/zfp-hasenstab.de\/index.php?rest_route=\/wp\/v2\/pages\/1666\/revisions\/3107"}],"wp:attachment":[{"href":"https:\/\/zfp-hasenstab.de\/index.php?rest_route=%2Fwp%2Fv2%2Fmedia&parent=1666"}],"curies":[{"name":"wp","href":"https:\/\/api.w.org\/{rel}","templated":true}]}}