{"id":3018,"date":"2024-04-22T13:01:04","date_gmt":"2024-04-22T13:01:04","guid":{"rendered":"https:\/\/zfp-hasenstab.de\/?page_id=3018"},"modified":"2026-02-27T09:10:19","modified_gmt":"2026-02-27T09:10:19","slug":"vortraege-und-veroeffentlichungen","status":"publish","type":"page","link":"https:\/\/zfp-hasenstab.de\/?page_id=3018","title":{"rendered":"Vortr\u00e4ge und Ver\u00f6ffentlichungen"},"content":{"rendered":"<p>[vc_row][vc_column][vc_column_text]<\/p>\n<h2>26.\/27. Februar 2026, M\u00fcnster<\/h2>\n<h3>Fachtagung Bauwerksdiagnose<\/h3>\n<p>FH M\u00fcnsterFachhochschulzentrum (FHZ)<br \/>\nCorrensstra\u00dfe 25<br \/>\n48149 M\u00fcnster<\/p>\n<h4>Thema:<\/h4>\n<p>20 Vortr\u00e4ge zeigen ZfPBau-Verfahren und Methoden des Bauwerksmonitorings. Eine gesamte Session widmet sich dem Thema Spannbetonbr\u00fccken; weitere Vortr\u00e4ge berichten aus der Praxis und stellen neue Entwicklungen zu verschiedenen Anwendungen vor.<\/p>\n<div class=\"b_speaker__meta\">\n<p>&nbsp;<\/p>\n<\/div>\n<p>[\/vc_column_text][vc_btn title=&#8220;Programm&#8220; shape=&#8220;round&#8220; link=&#8220;url:https%3A%2F%2Fzfp-hasenstab.de%2Fwp-content%2Fuploads%2F2025%2F08%2FTAE_Veranstaltungsprogramm_33603.pdf||target:%20_blank|&#8220; css=&#8220;.vc_custom_1754043504045{border-right-width: px !important;border-left-width: px !important;}&#8220;][vc_btn title=&#8220;Buchung&#8220; shape=&#8220;round&#8220; color=&#8220;primary&#8220; link=&#8220;url:https%3A%2F%2Fbwd2026.dgzfp.de%2Ffrontend%2Findex.php%3Ffolder_id%3D323%26page_id%3D||target:%20_blank|&#8220;][\/vc_column][\/vc_row][vc_row][vc_column][vc_column_text]<\/p>\n<h2>4. M\u00e4rz 2026 Magdeburg<\/h2>\n<h3>Fachseminar Material Truth: Zerst\u00f6rungsfreie Pr\u00fcfung historischer Objekte<\/h3>\n<p>DGZfP-Ausbildungszentrum Magdeburg<br \/>\nAltenh\u00e4user Stra\u00dfe 7<br \/>\n39126 Magdeburg<\/p>\n<h4>Vortrag<\/h4>\n<p>Zerst\u00f6rungsfreie Diagnostik zur sicheren Nutzung historischer Bausubstanz: Holz und Mauerwerksuntersuchungen f\u00fcr nachhaltige Denkmalpflege von Kulturg\u00fctern<\/p>\n<p><span class=\"schedule-paper-list-item-date\">Datum: 04.03.2026 , Zeit: 16:30 <\/span> | <span class=\"schedule-paper-list-item-topic\">Thema: Architektur<\/span><\/p>\n<div class=\"b_speaker__meta\">\n<p>&nbsp;<\/p>\n<\/div>\n<p>[\/vc_column_text][vc_btn title=&#8220;Programm&#8220; shape=&#8220;round&#8220; link=&#8220;url:https%3A%2F%2Fhistorie2026.dgzfp.de%2Ffrontend%2Findex.php%3Fpage_id%3D1203||target:%20_blank|&#8220; css=&#8220;.vc_custom_1771944471937{border-right-width: px !important;border-left-width: px !important;}&#8220;][\/vc_column][\/vc_row][vc_row][vc_column][vc_column_text]<\/p>\n<h2>04. Februar 2026, Esslingen<\/h2>\n<h3>Zerst\u00f6rungsfreie Tunnel-Untersuchungen an U-Bahn-Tunneln in Deutschland mit Ultraschall-Echo<\/h3>\n<div class=\"page\" title=\"Page 3\">\n<div class=\"layoutArea\">\n<div class=\"column\">\n<p>12:00 \u2013 12:30<\/p>\n<\/div>\n<\/div>\n<\/div>\n<p>Technische Akademie Esslingen<br \/>\nAn der Akademie 5<br \/>\n73760 Ostfildern<\/p>\n<div class=\"b_speaker__meta\">\n<p>&nbsp;<\/p>\n<\/div>\n<p>[\/vc_column_text][vc_btn title=&#8220;Programm&#8220; shape=&#8220;round&#8220; link=&#8220;url:https%3A%2F%2Fwww.tae.de%2Ffileadmin%2FTAE%2F2_Weiterbildung%2FBauwesen_44%2FBauen-Boden-Fels_50018%2FTAE_Kolloquium_Bauen_Boden_und_Fels_programm_02022026.pdf||target:%20_blank|&#8220; css=&#8220;.vc_custom_1771945008553{border-right-width: px !important;border-left-width: px !important;}&#8220;][vc_btn title=&#8220;Buchung&#8220; shape=&#8220;round&#8220; color=&#8220;primary&#8220; link=&#8220;url:https%3A%2F%2Fwww.tae.de%2Fweiterbildung%2Fbauwesen%2Fkonstruktiver-ingenieurbau%2Finstandhaltung-von-bruecken-und-sonstigen-ingenieurbauten-aus-beton%2F||target:%20_blank|&#8220;][\/vc_column][\/vc_row][vc_row][vc_column][vc_column_text]<\/p>\n<h2>19.03.2026, Esslingen<\/h2>\n<h3>Erhaltung von Br\u00fcckenbauwerken<br \/>\nBr\u00fcckensch\u00e4den erkennen und bewerten<\/h3>\n<div class=\"page\" title=\"Page 3\">\n<div class=\"layoutArea\">\n<div class=\"column\">\n<p>09:00-16:30 Uhr<\/p>\n<p>Die Weiterbildung vermittelt das fachliche R\u00fcstzeug, um Sch\u00e4den an Br\u00fcckenbauwerken strukturiert zu erkennen und zu bewerten sowie Erhaltungsma\u00dfnahmen vorausschauend einzuordnen \u2013 praxisnah, effizient und normgerecht.<\/p>\n<p>Leitung: Dr.-Ing. Andreas Hasenstab<\/p>\n<\/div>\n<\/div>\n<\/div>\n<p>Technische Akademie Esslingen<br \/>\nAn der Akademie 5<br \/>\n73760 Ostfildern<\/p>\n<div class=\"b_speaker__meta\">\n<p>&nbsp;<\/p>\n<\/div>\n<p>[\/vc_column_text][vc_btn title=&#8220;Programm\/Buchung&#8220; shape=&#8220;round&#8220; link=&#8220;url:https%3A%2F%2Fwww.tae.de%2Fweiterbildung%2Fbauwesen%2Fkonstruktiver-ingenieurbau%2Ferhaltung-von-brueckenbauwerken%2F||target:%20_blank|&#8220; css=&#8220;.vc_custom_1772182844038{border-right-width: px !important;border-left-width: px !important;}&#8220;][\/vc_column][\/vc_row][vc_row][vc_column][vc_column_text]<\/p>\n<h2>02\/03.12.2026, Esslingen<\/h2>\n<h3>Instandhaltung von Br\u00fccken und sonstigen Ingenieurbauten aus Beton<\/h3>\n<div class=\"page\" title=\"Page 3\">\n<div class=\"layoutArea\">\n<div class=\"column\">\n<p>im Rahmen der ZTV-ING<\/p>\n<p>Beginn: 02.12.2026 &#8211; 09:00 Uhr<br \/>\nEnde: 03.12.2026 &#8211; 17:00 Uhr<\/p>\n<p>Das Seminar zielt darauf ab, den Teilnehmern fundierte Kenntnisse und Entscheidungshilfen f\u00fcr die Planung und Ausf\u00fchrung von Erhaltungsma\u00dfnahmen an Ingenieurbauten zu vermitteln. Im Fokus stehen dabei die Grundlagen und praktischen Anwendungen der \u201eZus\u00e4tzlichen Technischen Vertragsbedingungen und Richtlinien f\u00fcr Ingenieurbauten (ZTV-ING)\u201c.<\/p>\n<p>Leitung: Dr.-Ing. Andreas Hasenstab<\/p>\n<\/div>\n<\/div>\n<\/div>\n<p>Technische Akademie Esslingen<br \/>\nAn der Akademie 5<br \/>\n73760 Ostfildern<\/p>\n<div class=\"b_speaker__meta\">\n<p>&nbsp;<\/p>\n<\/div>\n<p>[\/vc_column_text][vc_btn title=&#8220;Programm\/Buchung&#8220; shape=&#8220;round&#8220; link=&#8220;url:https%3A%2F%2Fwww.tae.de%2Fweiterbildung%2Fbauwesen%2Fkonstruktiver-ingenieurbau%2Finstandhaltung-von-bruecken-und-sonstigen-ingenieurbauten-aus-beton%2F||target:%20_blank|&#8220; css=&#8220;.vc_custom_1772183018789{border-right-width: px !important;border-left-width: px !important;}&#8220;][\/vc_column][\/vc_row]<\/p>\n","protected":false},"excerpt":{"rendered":"<p>[vc_row][vc_column][vc_column_text] 26.\/27. Februar 2026, M\u00fcnster Fachtagung Bauwerksdiagnose FH M\u00fcnsterFachhochschulzentrum (FHZ) Corrensstra\u00dfe 25 48149 M\u00fcnster Thema: 20 Vortr\u00e4ge zeigen ZfPBau-Verfahren und Methoden des Bauwerksmonitorings. Eine gesamte Session widmet sich dem Thema Spannbetonbr\u00fccken; weitere Vortr\u00e4ge berichten aus der Praxis und stellen neue Entwicklungen zu verschiedenen Anwendungen vor. &nbsp; [\/vc_column_text][vc_btn title=&#8220;Programm&#8220; shape=&#8220;round&#8220; link=&#8220;url:https%3A%2F%2Fzfp-hasenstab.de%2Fwp-content%2Fuploads%2F2025%2F08%2FTAE_Veranstaltungsprogramm_33603.pdf||target:%20_blank|&#8220; css=&#8220;.vc_custom_1754043504045{border-right-width: px !important;border-left-width: px !important;}&#8220;][vc_btn&hellip;<\/p>\n","protected":false},"author":1,"featured_media":0,"parent":1666,"menu_order":0,"comment_status":"closed","ping_status":"closed","template":"","meta":{"inline_featured_image":false},"_links":{"self":[{"href":"https:\/\/zfp-hasenstab.de\/index.php?rest_route=\/wp\/v2\/pages\/3018"}],"collection":[{"href":"https:\/\/zfp-hasenstab.de\/index.php?rest_route=\/wp\/v2\/pages"}],"about":[{"href":"https:\/\/zfp-hasenstab.de\/index.php?rest_route=\/wp\/v2\/types\/page"}],"author":[{"embeddable":true,"href":"https:\/\/zfp-hasenstab.de\/index.php?rest_route=\/wp\/v2\/users\/1"}],"replies":[{"embeddable":true,"href":"https:\/\/zfp-hasenstab.de\/index.php?rest_route=%2Fwp%2Fv2%2Fcomments&post=3018"}],"version-history":[{"count":30,"href":"https:\/\/zfp-hasenstab.de\/index.php?rest_route=\/wp\/v2\/pages\/3018\/revisions"}],"predecessor-version":[{"id":3082,"href":"https:\/\/zfp-hasenstab.de\/index.php?rest_route=\/wp\/v2\/pages\/3018\/revisions\/3082"}],"up":[{"embeddable":true,"href":"https:\/\/zfp-hasenstab.de\/index.php?rest_route=\/wp\/v2\/pages\/1666"}],"wp:attachment":[{"href":"https:\/\/zfp-hasenstab.de\/index.php?rest_route=%2Fwp%2Fv2%2Fmedia&parent=3018"}],"curies":[{"name":"wp","href":"https:\/\/api.w.org\/{rel}","templated":true}]}}